{"id":493,"date":"2025-06-15T07:46:36","date_gmt":"2025-06-15T07:46:36","guid":{"rendered":"https:\/\/maticprojekt1.com\/?page_id=493"},"modified":"2025-07-15T11:46:59","modified_gmt":"2025-07-15T11:46:59","slug":"kaj-nudimo","status":"publish","type":"page","link":"https:\/\/acumulatra.si\/en\/kaj-nudimo\/","title":{"rendered":"What we offer"},"content":{"rendered":"<div data-elementor-type=\"wp-page\" data-elementor-id=\"493\" class=\"elementor elementor-493\">\n\t\t\t\t<div class=\"elementor-element elementor-element-0723ea7 e-flex e-con-boxed e-con e-parent\" data-id=\"0723ea7\" data-element_type=\"container\" data-settings=\"{&quot;background_background&quot;:&quot;classic&quot;}\">\n\t\t\t\t\t<div class=\"e-con-inner\">\n\t\t\t\t<div class=\"elementor-element elementor-element-254e556 elementor-invisible elementor-widget elementor-widget-heading\" data-id=\"254e556\" data-element_type=\"widget\" data-settings=\"{&quot;_animation&quot;:&quot;fadeInUp&quot;}\" data-widget_type=\"heading.default\">\n\t\t\t\t<div class=\"elementor-widget-container\">\n\t\t\t\t\t<h1 class=\"elementor-heading-title elementor-size-default\">WHAT DO WE OFFER?<\/h1>\t\t\t\t<\/div>\n\t\t\t\t<\/div>\n\t\t\t\t<div class=\"elementor-element elementor-element-fc24225 elementor-invisible elementor-widget elementor-widget-heading\" data-id=\"fc24225\" data-element_type=\"widget\" data-settings=\"{&quot;_animation&quot;:&quot;fadeInUp&quot;}\" data-widget_type=\"heading.default\">\n\t\t\t\t<div class=\"elementor-widget-container\">\n\t\t\t\t\t<h6 class=\"elementor-heading-title elementor-size-default\">COMPREHENSIVE SOLUTIONS FOR EFFICIENT AND SUSTAINABLE ENERGY MANAGEMENT<\/h6>\t\t\t\t<\/div>\n\t\t\t\t<\/div>\n\t\t\t\t\t<\/div>\n\t\t\t\t<\/div>\n\t\t<div class=\"elementor-element elementor-element-86d242f e-flex e-con-boxed e-con e-parent\" data-id=\"86d242f\" data-element_type=\"container\">\n\t\t\t\t\t<div class=\"e-con-inner\">\n\t\t\t\t<div class=\"elementor-element elementor-element-566febd elementor-widget elementor-widget-heading\" data-id=\"566febd\" data-element_type=\"widget\" data-widget_type=\"heading.default\">\n\t\t\t\t<div class=\"elementor-widget-container\">\n\t\t\t\t\t<h2 class=\"elementor-heading-title elementor-size-default\"><b>ACUMULATRA<\/b><\/h2>\t\t\t\t<\/div>\n\t\t\t\t<\/div>\n\t\t\t\t<div class=\"elementor-element elementor-element-29b2a2d elementor-widget elementor-widget-heading\" data-id=\"29b2a2d\" data-element_type=\"widget\" data-widget_type=\"heading.default\">\n\t\t\t\t<div class=\"elementor-widget-container\">\n\t\t\t\t\t<h5 class=\"elementor-heading-title elementor-size-default\">2DAY 4TOMORROW<\/h5>\t\t\t\t<\/div>\n\t\t\t\t<\/div>\n\t\t\t\t<div class=\"elementor-element elementor-element-20e0b31 elementor-widget elementor-widget-text-editor\" data-id=\"20e0b31\" data-element_type=\"widget\" data-widget_type=\"text-editor.default\">\n\t\t\t\t<div class=\"elementor-widget-container\">\n\t\t\t\t\t\t\t\t\t<p>We offer comprehensive energy solutions that enable businesses to manage energy efficiently, reduce costs, and integrate into a sustainable energy system. Our services include the installation and management of solar power plants and energy storage systems. We also provide project financing options.<\/p>\t\t\t\t\t\t\t\t<\/div>\n\t\t\t\t<\/div>\n\t\t\t\t\t<\/div>\n\t\t\t\t<\/div>\n\t\t<div class=\"elementor-element elementor-element-25cd657 e-flex e-con-boxed e-con e-parent\" data-id=\"25cd657\" data-element_type=\"container\" data-settings=\"{&quot;background_background&quot;:&quot;classic&quot;}\">\n\t\t\t\t\t<div class=\"e-con-inner\">\n\t\t<div class=\"elementor-element elementor-element-73617fa e-con-full e-flex e-con e-child\" data-id=\"73617fa\" data-element_type=\"container\">\n\t\t\t\t<div class=\"elementor-element elementor-element-6889e67 elementor-widget elementor-widget-heading\" data-id=\"6889e67\" data-element_type=\"widget\" data-widget_type=\"heading.default\">\n\t\t\t\t<div class=\"elementor-widget-container\">\n\t\t\t\t\t<h3 class=\"elementor-heading-title elementor-size-default\"><b>ENERGY STORAGE SYSTEMS<\/b><\/h3>\t\t\t\t<\/div>\n\t\t\t\t<\/div>\n\t\t\t\t<div class=\"elementor-element elementor-element-d6096d9 elementor-widget elementor-widget-text-editor\" data-id=\"d6096d9\" data-element_type=\"widget\" data-widget_type=\"text-editor.default\">\n\t\t\t\t<div class=\"elementor-widget-container\">\n\t\t\t\t\t\t\t\t\t<p data-start=\"134\" data-end=\"639\">We are officially certified and authorized representatives of the renowned Slovenian manufacturer TAB, which enables us to supply and install their advanced energy storage systems. TAB Li-ion battery systems are designed with long-term reliability and exceptional performance in mind, placing them among the very best in the energy industry. We offer them in various capacities \u2013 from 5 kWh for smaller systems to 5.5 MWh for large industrial solutions \u2013 and tailor them to the specific needs and energy profile of each client.<\/p><p data-start=\"641\" data-end=\"1132\" data-is-last-node=\"\" data-is-only-node=\"\">TAB storage systems represent a unique choice on the market, combining technical excellence, long service life, and a high level of safety. In addition to performance, they also offer comprehensive support, including a local service network, fast response times, and responsible handling at the end of the batteries\u2019 life cycle. Our collaboration with TAB allows us to provide customers with top-tier solutions of proven quality, backed by the expertise and experience of a local manufacturer who understands the needs of the domestic market.<\/p>\t\t\t\t\t\t\t\t<\/div>\n\t\t\t\t<\/div>\n\t\t\t\t<div class=\"elementor-element elementor-element-430773f elementor-mobile-align-center elementor-widget elementor-widget-button\" data-id=\"430773f\" data-element_type=\"widget\" data-widget_type=\"button.default\">\n\t\t\t\t<div class=\"elementor-widget-container\">\n\t\t\t\t\t\t\t\t\t<div class=\"elementor-button-wrapper\">\n\t\t\t\t\t<a class=\"elementor-button elementor-button-link elementor-size-sm\" href=\"https:\/\/acumulatra.si\/en\/baterijski-sistemi-z-ems\/\">\n\t\t\t\t\t\t<span class=\"elementor-button-content-wrapper\">\n\t\t\t\t\t\t\t\t\t<span class=\"elementor-button-text\">MORE ABOUT STORAGE SYSTEMS<\/span>\n\t\t\t\t\t<\/span>\n\t\t\t\t\t<\/a>\n\t\t\t\t<\/div>\n\t\t\t\t\t\t\t\t<\/div>\n\t\t\t\t<\/div>\n\t\t\t\t<\/div>\n\t\t<div class=\"elementor-element elementor-element-5737198 e-con-full e-flex e-con e-child\" data-id=\"5737198\" data-element_type=\"container\">\n\t\t\t\t<div class=\"elementor-element elementor-element-e82f75f elementor-widget elementor-widget-image\" data-id=\"e82f75f\" data-element_type=\"widget\" data-widget_type=\"image.default\">\n\t\t\t\t<div class=\"elementor-widget-container\">\n\t\t\t\t\t\t\t\t\t\t\t\t\t\t\t<img fetchpriority=\"high\" decoding=\"async\" width=\"2000\" height=\"1500\" src=\"https:\/\/acumulatra.si\/wp-content\/uploads\/2025\/06\/baterija-1.jpg\" class=\"attachment-full size-full wp-image-354\" alt=\"Re\u0161itve za son\u010dno energijo\" srcset=\"https:\/\/acumulatra.si\/wp-content\/uploads\/2025\/06\/baterija-1.jpg 2000w, https:\/\/acumulatra.si\/wp-content\/uploads\/2025\/06\/baterija-1-300x225.jpg 300w, https:\/\/acumulatra.si\/wp-content\/uploads\/2025\/06\/baterija-1-1024x768.jpg 1024w, https:\/\/acumulatra.si\/wp-content\/uploads\/2025\/06\/baterija-1-768x576.jpg 768w, https:\/\/acumulatra.si\/wp-content\/uploads\/2025\/06\/baterija-1-1536x1152.jpg 1536w\" sizes=\"(max-width: 2000px) 100vw, 2000px\" \/>\t\t\t\t\t\t\t\t\t\t\t\t\t\t\t<\/div>\n\t\t\t\t<\/div>\n\t\t\t\t<\/div>\n\t\t\t\t\t<\/div>\n\t\t\t\t<\/div>\n\t\t<div class=\"elementor-element elementor-element-04fce5b e-flex e-con-boxed e-con e-parent\" data-id=\"04fce5b\" data-element_type=\"container\" data-settings=\"{&quot;background_background&quot;:&quot;classic&quot;}\">\n\t\t\t\t\t<div class=\"e-con-inner\">\n\t\t<div class=\"elementor-element elementor-element-96b682e e-con-full e-flex e-con e-child\" data-id=\"96b682e\" data-element_type=\"container\">\n\t\t\t\t<div class=\"elementor-element elementor-element-c8da9eb elementor-widget elementor-widget-image\" data-id=\"c8da9eb\" data-element_type=\"widget\" data-widget_type=\"image.default\">\n\t\t\t\t<div class=\"elementor-widget-container\">\n\t\t\t\t\t\t\t\t\t\t\t\t\t\t\t<img decoding=\"async\" width=\"2560\" height=\"1440\" src=\"https:\/\/acumulatra.si\/wp-content\/uploads\/2025\/06\/andreas-gucklhorn-7razCd-RUGs-unsplash.jpg\" class=\"attachment-full size-full wp-image-303\" alt=\"Kaj nudimo\" srcset=\"https:\/\/acumulatra.si\/wp-content\/uploads\/2025\/06\/andreas-gucklhorn-7razCd-RUGs-unsplash.jpg 2560w, https:\/\/acumulatra.si\/wp-content\/uploads\/2025\/06\/andreas-gucklhorn-7razCd-RUGs-unsplash-300x169.jpg 300w, https:\/\/acumulatra.si\/wp-content\/uploads\/2025\/06\/andreas-gucklhorn-7razCd-RUGs-unsplash-1024x576.jpg 1024w, https:\/\/acumulatra.si\/wp-content\/uploads\/2025\/06\/andreas-gucklhorn-7razCd-RUGs-unsplash-768x432.jpg 768w, https:\/\/acumulatra.si\/wp-content\/uploads\/2025\/06\/andreas-gucklhorn-7razCd-RUGs-unsplash-1536x864.jpg 1536w, https:\/\/acumulatra.si\/wp-content\/uploads\/2025\/06\/andreas-gucklhorn-7razCd-RUGs-unsplash-2048x1152.jpg 2048w\" sizes=\"(max-width: 2560px) 100vw, 2560px\" \/>\t\t\t\t\t\t\t\t\t\t\t\t\t\t\t<\/div>\n\t\t\t\t<\/div>\n\t\t\t\t<\/div>\n\t\t<div class=\"elementor-element elementor-element-106eb89 e-con-full e-flex e-con e-child\" data-id=\"106eb89\" data-element_type=\"container\">\n\t\t\t\t<div class=\"elementor-element elementor-element-1bbcfb8 elementor-widget elementor-widget-heading\" data-id=\"1bbcfb8\" data-element_type=\"widget\" data-widget_type=\"heading.default\">\n\t\t\t\t<div class=\"elementor-widget-container\">\n\t\t\t\t\t<h3 class=\"elementor-heading-title elementor-size-default\"><b>SOLAR POWER PLANTS<\/b><\/h3>\t\t\t\t<\/div>\n\t\t\t\t<\/div>\n\t\t\t\t<div class=\"elementor-element elementor-element-69ee1ec elementor-widget elementor-widget-text-editor\" data-id=\"69ee1ec\" data-element_type=\"widget\" data-widget_type=\"text-editor.default\">\n\t\t\t\t<div class=\"elementor-widget-container\">\n\t\t\t\t\t\t\t\t\t<p data-start=\"84\" data-end=\"453\">At ACUMULATRA, we provide comprehensive solutions for solar power plants, covering every step from design to operation. Our services are tailored to larger commercial and industrial facilities. We approach each client individually, ensuring optimal efficiency, long-term savings, and seamless system performance.<\/p>\n<p data-start=\"84\" data-end=\"453\">We work with a partner team that has over 15 years of experience in the field of photovoltaics. Together, we have completed more than 1,000 projects, demonstrating our expertise, reliability, and deep understanding of the diverse energy needs of users. Our solutions are energy-efficient, environmentally friendly, and financially sound, fully tailored to your facility and consumption profile. Our goal is to provide clients with a reliable energy supply and a long-term sustainable solution.<\/p>\t\t\t\t\t\t\t\t<\/div>\n\t\t\t\t<\/div>\n\t\t\t\t<div class=\"elementor-element elementor-element-69736a3 elementor-mobile-align-center elementor-widget elementor-widget-button\" data-id=\"69736a3\" data-element_type=\"widget\" data-widget_type=\"button.default\">\n\t\t\t\t<div class=\"elementor-widget-container\">\n\t\t\t\t\t\t\t\t\t<div class=\"elementor-button-wrapper\">\n\t\t\t\t\t<a class=\"elementor-button elementor-button-link elementor-size-sm\" href=\"https:\/\/acumulatra.si\/en\/soncne-elektrarne\/\">\n\t\t\t\t\t\t<span class=\"elementor-button-content-wrapper\">\n\t\t\t\t\t\t\t\t\t<span class=\"elementor-button-text\">MORE ABOUT POWER PLANTS<\/span>\n\t\t\t\t\t<\/span>\n\t\t\t\t\t<\/a>\n\t\t\t\t<\/div>\n\t\t\t\t\t\t\t\t<\/div>\n\t\t\t\t<\/div>\n\t\t\t\t<\/div>\n\t\t\t\t\t<\/div>\n\t\t\t\t<\/div>\n\t\t<div class=\"elementor-element elementor-element-64df0a61 e-flex e-con-boxed e-con e-parent\" data-id=\"64df0a61\" data-element_type=\"container\" data-settings=\"{&quot;background_background&quot;:&quot;classic&quot;}\">\n\t\t\t\t\t<div class=\"e-con-inner\">\n\t\t\t\t<div class=\"elementor-element elementor-element-67aac5e6 elementor-widget elementor-widget-heading\" data-id=\"67aac5e6\" data-element_type=\"widget\" data-widget_type=\"heading.default\">\n\t\t\t\t<div class=\"elementor-widget-container\">\n\t\t\t\t\t<h2 class=\"elementor-heading-title elementor-size-default\"><b>OUR VALUED PARTNERS<\/b><\/h2>\t\t\t\t<\/div>\n\t\t\t\t<\/div>\n\t\t\t\t<div class=\"elementor-element elementor-element-6e31abda elementor-widget elementor-widget-heading\" data-id=\"6e31abda\" data-element_type=\"widget\" data-widget_type=\"heading.default\">\n\t\t\t\t<div class=\"elementor-widget-container\">\n\t\t\t\t\t<p class=\"elementor-heading-title elementor-size-default\">Collaboration with ACUMULATRA is built on trust, clear communication, and professional execution. Our trusted partners ensure reliability, adherence to deadlines, and high-quality implementation at every stage of the project. We approach each client with responsibility, aiming for long-term satisfaction and successful cooperation.<\/p>\t\t\t\t<\/div>\n\t\t\t\t<\/div>\n\t\t<div class=\"elementor-element elementor-element-1abb7996 e-con-full e-flex e-con e-child\" data-id=\"1abb7996\" data-element_type=\"container\">\n\t\t<div class=\"elementor-element elementor-element-6b2223ae e-con-full e-flex e-con e-child\" data-id=\"6b2223ae\" data-element_type=\"container\">\n\t\t\t\t<div class=\"elementor-element elementor-element-5be3dc0b elementor-widget elementor-widget-image\" data-id=\"5be3dc0b\" data-element_type=\"widget\" data-widget_type=\"image.default\">\n\t\t\t\t<div class=\"elementor-widget-container\">\n\t\t\t\t\t\t\t\t\t\t\t\t\t\t\t\t<a href=\"https:\/\/www.tab.si\/sl\/\" target=\"_blank\" rel=\"noopener\">\n\t\t\t\t\t\t\t<img decoding=\"async\" width=\"200\" height=\"200\" src=\"https:\/\/acumulatra.si\/wp-content\/uploads\/2025\/06\/TAB.jpg\" class=\"attachment-full size-full wp-image-237\" alt=\"\" srcset=\"https:\/\/acumulatra.si\/wp-content\/uploads\/2025\/06\/TAB.jpg 200w, https:\/\/acumulatra.si\/wp-content\/uploads\/2025\/06\/TAB-150x150.jpg 150w\" sizes=\"(max-width: 200px) 100vw, 200px\" \/>\t\t\t\t\t\t\t\t<\/a>\n\t\t\t\t\t\t\t\t\t\t\t\t\t\t\t<\/div>\n\t\t\t\t<\/div>\n\t\t\t\t<div class=\"elementor-element elementor-element-2c83277b elementor-widget elementor-widget-heading\" data-id=\"2c83277b\" data-element_type=\"widget\" data-widget_type=\"heading.default\">\n\t\t\t\t<div class=\"elementor-widget-container\">\n\t\t\t\t\t<h5 class=\"elementor-heading-title elementor-size-default\">TAB d. d. \n<\/h5>\t\t\t\t<\/div>\n\t\t\t\t<\/div>\n\t\t\t\t<\/div>\n\t\t<div class=\"elementor-element elementor-element-4d11f402 e-con-full e-flex e-con e-child\" data-id=\"4d11f402\" data-element_type=\"container\">\n\t\t\t\t<div class=\"elementor-element elementor-element-3a478f3c elementor-widget elementor-widget-image\" data-id=\"3a478f3c\" data-element_type=\"widget\" data-widget_type=\"image.default\">\n\t\t\t\t<div class=\"elementor-widget-container\">\n\t\t\t\t\t\t\t\t\t\t\t\t\t\t\t\t<a href=\"https:\/\/www.inea.eu\/sl\/\" target=\"_blank\" rel=\"noopener\">\n\t\t\t\t\t\t\t<img loading=\"lazy\" decoding=\"async\" width=\"200\" height=\"200\" src=\"https:\/\/acumulatra.si\/wp-content\/uploads\/2025\/06\/INEA.jpg\" class=\"attachment-full size-full wp-image-241\" alt=\"\" srcset=\"https:\/\/acumulatra.si\/wp-content\/uploads\/2025\/06\/INEA.jpg 200w, https:\/\/acumulatra.si\/wp-content\/uploads\/2025\/06\/INEA-150x150.jpg 150w\" sizes=\"(max-width: 200px) 100vw, 200px\" \/>\t\t\t\t\t\t\t\t<\/a>\n\t\t\t\t\t\t\t\t\t\t\t\t\t\t\t<\/div>\n\t\t\t\t<\/div>\n\t\t\t\t<div class=\"elementor-element elementor-element-562053e6 elementor-widget elementor-widget-heading\" data-id=\"562053e6\" data-element_type=\"widget\" data-widget_type=\"heading.default\">\n\t\t\t\t<div class=\"elementor-widget-container\">\n\t\t\t\t\t<h5 class=\"elementor-heading-title elementor-size-default\">INEA d. o. o. \n<\/h5>\t\t\t\t<\/div>\n\t\t\t\t<\/div>\n\t\t\t\t<\/div>\n\t\t<div class=\"elementor-element elementor-element-72d71437 e-con-full e-flex e-con e-child\" data-id=\"72d71437\" data-element_type=\"container\">\n\t\t\t\t<div class=\"elementor-element elementor-element-45d69aa8 elementor-widget elementor-widget-image\" data-id=\"45d69aa8\" data-element_type=\"widget\" data-widget_type=\"image.default\">\n\t\t\t\t<div class=\"elementor-widget-container\">\n\t\t\t\t\t\t\t\t\t\t\t\t\t\t\t<img loading=\"lazy\" decoding=\"async\" width=\"1050\" height=\"600\" src=\"https:\/\/acumulatra.si\/wp-content\/uploads\/2025\/06\/8.png\" class=\"attachment-full size-full wp-image-252\" alt=\"\" srcset=\"https:\/\/acumulatra.si\/wp-content\/uploads\/2025\/06\/8.png 1050w, https:\/\/acumulatra.si\/wp-content\/uploads\/2025\/06\/8-300x171.png 300w, https:\/\/acumulatra.si\/wp-content\/uploads\/2025\/06\/8-1024x585.png 1024w, https:\/\/acumulatra.si\/wp-content\/uploads\/2025\/06\/8-768x439.png 768w\" sizes=\"(max-width: 1050px) 100vw, 1050px\" \/>\t\t\t\t\t\t\t\t\t\t\t\t\t\t\t<\/div>\n\t\t\t\t<\/div>\n\t\t\t\t<div class=\"elementor-element elementor-element-247aea37 elementor-widget elementor-widget-heading\" data-id=\"247aea37\" data-element_type=\"widget\" data-widget_type=\"heading.default\">\n\t\t\t\t<div class=\"elementor-widget-container\">\n\t\t\t\t\t<h5 class=\"elementor-heading-title elementor-size-default\">ACUMULATRA d. o. o.\n<\/h5>\t\t\t\t<\/div>\n\t\t\t\t<\/div>\n\t\t\t\t<\/div>\n\t\t\t\t<\/div>\n\t\t\t\t\t<\/div>\n\t\t\t\t<\/div>\n\t\t\t\t<\/div>","protected":false},"excerpt":{"rendered":"<p>KAJ NUDIMO CELOSTNE RE\u0160ITVE ZA U\u010cINKOVITO IN TRAJNOSTNO UPRAVLJANJE Z ENERGIJO ACUMULATRA 2DAY 4TOMORROW Ponujamo celostne energetske re\u0161itve, ki podjetjem [&hellip;]<\/p>","protected":false},"author":1,"featured_media":0,"parent":0,"menu_order":0,"comment_status":"closed","ping_status":"closed","template":"","meta":{"site-sidebar-layout":"no-sidebar","site-content-layout":"","ast-site-content-layout":"full-width-container","site-content-style":"default","site-sidebar-style":"default","ast-global-header-display":"","ast-banner-title-visibility":"","ast-main-header-display":"","ast-hfb-above-header-display":"","ast-hfb-below-header-display":"","ast-hfb-mobile-header-display":"","site-post-title":"disabled","ast-breadcrumbs-content":"","ast-featured-img":"disabled","footer-sml-layout":"","theme-transparent-header-meta":"","adv-header-id-meta":"","stick-header-meta":"","header-above-stick-meta":"","header-main-stick-meta":"","header-below-stick-meta":"","astra-migrate-meta-layouts":"default","ast-page-background-enabled":"default","ast-page-background-meta":{"desktop":{"background-color":"var(--ast-global-color-4)","background-image":"","background-repeat":"repeat","background-position":"center center","background-size":"auto","background-attachment":"scroll","background-type":"","background-media":"","overlay-type":"","overlay-color":"","overlay-opacity":"","overlay-gradient":""},"tablet":{"background-color":"","background-image":"","background-repeat":"repeat","background-position":"center center","background-size":"auto","background-attachment":"scroll","background-type":"","background-media":"","overlay-type":"","overlay-color":"","overlay-opacity":"","overlay-gradient":""},"mobile":{"background-color":"","background-image":"","background-repeat":"repeat","background-position":"center center","background-size":"auto","background-attachment":"scroll","background-type":"","background-media":"","overlay-type":"","overlay-color":"","overlay-opacity":"","overlay-gradient":""}},"ast-content-background-meta":{"desktop":{"background-color":"var(--ast-global-color-5)","background-image":"","background-repeat":"repeat","background-position":"center center","background-size":"auto","background-attachment":"scroll","background-type":"","background-media":"","overlay-type":"","overlay-color":"","overlay-opacity":"","overlay-gradient":""},"tablet":{"background-color":"var(--ast-global-color-5)","background-image":"","background-repeat":"repeat","background-position":"center center","background-size":"auto","background-attachment":"scroll","background-type":"","background-media":"","overlay-type":"","overlay-color":"","overlay-opacity":"","overlay-gradient":""},"mobile":{"background-color":"var(--ast-global-color-5)","background-image":"","background-repeat":"repeat","background-position":"center center","background-size":"auto","background-attachment":"scroll","background-type":"","background-media":"","overlay-type":"","overlay-color":"","overlay-opacity":"","overlay-gradient":""}},"footnotes":""},"class_list":["post-493","page","type-page","status-publish","hentry"],"_links":{"self":[{"href":"https:\/\/acumulatra.si\/en\/wp-json\/wp\/v2\/pages\/493","targetHints":{"allow":["GET"]}}],"collection":[{"href":"https:\/\/acumulatra.si\/en\/wp-json\/wp\/v2\/pages"}],"about":[{"href":"https:\/\/acumulatra.si\/en\/wp-json\/wp\/v2\/types\/page"}],"author":[{"embeddable":true,"href":"https:\/\/acumulatra.si\/en\/wp-json\/wp\/v2\/users\/1"}],"replies":[{"embeddable":true,"href":"https:\/\/acumulatra.si\/en\/wp-json\/wp\/v2\/comments?post=493"}],"version-history":[{"count":20,"href":"https:\/\/acumulatra.si\/en\/wp-json\/wp\/v2\/pages\/493\/revisions"}],"predecessor-version":[{"id":1714,"href":"https:\/\/acumulatra.si\/en\/wp-json\/wp\/v2\/pages\/493\/revisions\/1714"}],"wp:attachment":[{"href":"https:\/\/acumulatra.si\/en\/wp-json\/wp\/v2\/media?parent=493"}],"curies":[{"name":"wp","href":"https:\/\/api.w.org\/{rel}","templated":true}]}}