{"id":358,"date":"2025-06-14T07:45:03","date_gmt":"2025-06-14T07:45:03","guid":{"rendered":"https:\/\/maticprojekt1.com\/?page_id=358"},"modified":"2025-07-13T15:00:09","modified_gmt":"2025-07-13T15:00:09","slug":"sodelovanje","status":"publish","type":"page","link":"https:\/\/acumulatra.si\/en\/sodelovanje\/","title":{"rendered":"Sodelovanje"},"content":{"rendered":"<div data-elementor-type=\"wp-page\" data-elementor-id=\"358\" class=\"elementor elementor-358\">\n\t\t\t\t<div class=\"elementor-element elementor-element-665a479 e-flex e-con-boxed e-con e-parent\" data-id=\"665a479\" data-element_type=\"container\" data-settings=\"{&quot;background_background&quot;:&quot;classic&quot;}\">\n\t\t\t\t\t<div class=\"e-con-inner\">\n\t\t\t\t<div class=\"elementor-element elementor-element-ad7dde0 elementor-widget elementor-widget-heading\" data-id=\"ad7dde0\" data-element_type=\"widget\" data-widget_type=\"heading.default\">\n\t\t\t\t<div class=\"elementor-widget-container\">\n\t\t\t\t\t<h3 class=\"elementor-heading-title elementor-size-default\">COLLABORATION<\/h3>\t\t\t\t<\/div>\n\t\t\t\t<\/div>\n\t\t\t\t<div class=\"elementor-element elementor-element-a62cf6d elementor-widget elementor-widget-heading\" data-id=\"a62cf6d\" data-element_type=\"widget\" data-widget_type=\"heading.default\">\n\t\t\t\t<div class=\"elementor-widget-container\">\n\t\t\t\t\t<h6 class=\"elementor-heading-title elementor-size-default\">With a long-term and partnership-based approach, we build reliable relationships with our business clients, where together we create sustainable solutions by combining expert knowledge, flexible solutions, and shared goals.<\/h6>\t\t\t\t<\/div>\n\t\t\t\t<\/div>\n\t\t\t\t\t<\/div>\n\t\t\t\t<\/div>\n\t\t<div class=\"elementor-element elementor-element-f1cb523 e-flex e-con-boxed e-con e-parent\" data-id=\"f1cb523\" data-element_type=\"container\">\n\t\t\t\t\t<div class=\"e-con-inner\">\n\t\t<div class=\"elementor-element elementor-element-83acf84 e-con-full e-flex e-con e-child\" data-id=\"83acf84\" data-element_type=\"container\">\n\t\t\t\t<div class=\"elementor-element elementor-element-65b6322 elementor-widget elementor-widget-heading\" data-id=\"65b6322\" data-element_type=\"widget\" data-widget_type=\"heading.default\">\n\t\t\t\t<div class=\"elementor-widget-container\">\n\t\t\t\t\t<h4 class=\"elementor-heading-title elementor-size-default\"><b>DEAR FUTURE PARTNERS AND INVESTORS<\/b><\/h4>\t\t\t\t<\/div>\n\t\t\t\t<\/div>\n\t\t\t\t<div class=\"elementor-element elementor-element-8b3f50d elementor-widget elementor-widget-text-editor\" data-id=\"8b3f50d\" data-element_type=\"widget\" data-widget_type=\"text-editor.default\">\n\t\t\t\t<div class=\"elementor-widget-container\">\n\t\t\t\t\t\t\t\t\t<p>We believe that together we are stronger \u2013 this is the foundation and the heart of the acumulatra platform. our goal is to connect experts, innovators, investors, and all those who wish to contribute to a sustainable future of the energy industry.<\/p><p>If you have an idea, vision, or desire to collaborate in building an energy-independent future, we warmly invite you to join us on this journey. We welcome fresh ideas, passionate individuals, and responsible investors who see an opportunity in our project to create sustainable energy solutions for Slovenia and beyond together.<\/p><p class=\"translation-block\">Contact us at <strong>info@acumulatra.com<\/strong>, where we will gladly listen to your suggestions and initiatives and explore collaboration opportunities. We look forward to the opportunity to build something big and important \u2013 together with you.<\/p>\t\t\t\t\t\t\t\t<\/div>\n\t\t\t\t<\/div>\n\t\t\t\t<div class=\"elementor-element elementor-element-2fc9938 elementor-mobile-align-center elementor-widget elementor-widget-button\" data-id=\"2fc9938\" data-element_type=\"widget\" data-widget_type=\"button.default\">\n\t\t\t\t<div class=\"elementor-widget-container\">\n\t\t\t\t\t\t\t\t\t<div class=\"elementor-button-wrapper\">\n\t\t\t\t\t<a class=\"elementor-button elementor-button-link elementor-size-sm\" href=\"https:\/\/acumulatra.si\/en\/kontakt\/\">\n\t\t\t\t\t\t<span class=\"elementor-button-content-wrapper\">\n\t\t\t\t\t\t\t\t\t<span class=\"elementor-button-text\">LET'S CONNECT<\/span>\n\t\t\t\t\t<\/span>\n\t\t\t\t\t<\/a>\n\t\t\t\t<\/div>\n\t\t\t\t\t\t\t\t<\/div>\n\t\t\t\t<\/div>\n\t\t\t\t<\/div>\n\t\t<div class=\"elementor-element elementor-element-da0246f e-con-full e-flex e-con e-child\" data-id=\"da0246f\" data-element_type=\"container\">\n\t\t\t\t<div class=\"elementor-element elementor-element-29acddb elementor-widget elementor-widget-image\" data-id=\"29acddb\" data-element_type=\"widget\" data-widget_type=\"image.default\">\n\t\t\t\t<div class=\"elementor-widget-container\">\n\t\t\t\t\t\t\t\t\t\t\t\t\t\t\t<img fetchpriority=\"high\" decoding=\"async\" width=\"2560\" height=\"1707\" src=\"https:\/\/acumulatra.si\/wp-content\/uploads\/2025\/06\/krakenimages-376KN_ISplE-unsplash-scaled.jpg\" class=\"attachment-full size-full wp-image-418\" alt=\"\" srcset=\"https:\/\/acumulatra.si\/wp-content\/uploads\/2025\/06\/krakenimages-376KN_ISplE-unsplash-scaled.jpg 2560w, https:\/\/acumulatra.si\/wp-content\/uploads\/2025\/06\/krakenimages-376KN_ISplE-unsplash-300x200.jpg 300w, https:\/\/acumulatra.si\/wp-content\/uploads\/2025\/06\/krakenimages-376KN_ISplE-unsplash-1024x683.jpg 1024w, https:\/\/acumulatra.si\/wp-content\/uploads\/2025\/06\/krakenimages-376KN_ISplE-unsplash-768x512.jpg 768w, https:\/\/acumulatra.si\/wp-content\/uploads\/2025\/06\/krakenimages-376KN_ISplE-unsplash-1536x1024.jpg 1536w, https:\/\/acumulatra.si\/wp-content\/uploads\/2025\/06\/krakenimages-376KN_ISplE-unsplash-2048x1365.jpg 2048w\" sizes=\"(max-width: 2560px) 100vw, 2560px\" \/>\t\t\t\t\t\t\t\t\t\t\t\t\t\t\t<\/div>\n\t\t\t\t<\/div>\n\t\t\t\t<\/div>\n\t\t\t\t\t<\/div>\n\t\t\t\t<\/div>\n\t\t\t\t<\/div>","protected":false},"excerpt":{"rendered":"<p>SODELOVANJE Z dolgoro\u010dnim in partnerskim pristopom gradimo zanesljive odnose z na\u0161imi poslovnimi strankami, kjer skupaj ustvarjamo trajnostne re\u0161itve s povezovanjem [&hellip;]<\/p>","protected":false},"author":1,"featured_media":0,"parent":0,"menu_order":0,"comment_status":"closed","ping_status":"closed","template":"","meta":{"site-sidebar-layout":"no-sidebar","site-content-layout":"","ast-site-content-layout":"full-width-container","site-content-style":"default","site-sidebar-style":"default","ast-global-header-display":"","ast-banner-title-visibility":"","ast-main-header-display":"","ast-hfb-above-header-display":"","ast-hfb-below-header-display":"","ast-hfb-mobile-header-display":"","site-post-title":"disabled","ast-breadcrumbs-content":"","ast-featured-img":"disabled","footer-sml-layout":"","theme-transparent-header-meta":"","adv-header-id-meta":"","stick-header-meta":"","header-above-stick-meta":"","header-main-stick-meta":"","header-below-stick-meta":"","astra-migrate-meta-layouts":"default","ast-page-background-enabled":"default","ast-page-background-meta":{"desktop":{"background-color":"var(--ast-global-color-4)","background-image":"","background-repeat":"repeat","background-position":"center center","background-size":"auto","background-attachment":"scroll","background-type":"","background-media":"","overlay-type":"","overlay-color":"","overlay-opacity":"","overlay-gradient":""},"tablet":{"background-color":"","background-image":"","background-repeat":"repeat","background-position":"center center","background-size":"auto","background-attachment":"scroll","background-type":"","background-media":"","overlay-type":"","overlay-color":"","overlay-opacity":"","overlay-gradient":""},"mobile":{"background-color":"","background-image":"","background-repeat":"repeat","background-position":"center center","background-size":"auto","background-attachment":"scroll","background-type":"","background-media":"","overlay-type":"","overlay-color":"","overlay-opacity":"","overlay-gradient":""}},"ast-content-background-meta":{"desktop":{"background-color":"var(--ast-global-color-5)","background-image":"","background-repeat":"repeat","background-position":"center center","background-size":"auto","background-attachment":"scroll","background-type":"","background-media":"","overlay-type":"","overlay-color":"","overlay-opacity":"","overlay-gradient":""},"tablet":{"background-color":"var(--ast-global-color-5)","background-image":"","background-repeat":"repeat","background-position":"center center","background-size":"auto","background-attachment":"scroll","background-type":"","background-media":"","overlay-type":"","overlay-color":"","overlay-opacity":"","overlay-gradient":""},"mobile":{"background-color":"var(--ast-global-color-5)","background-image":"","background-repeat":"repeat","background-position":"center center","background-size":"auto","background-attachment":"scroll","background-type":"","background-media":"","overlay-type":"","overlay-color":"","overlay-opacity":"","overlay-gradient":""}},"footnotes":""},"class_list":["post-358","page","type-page","status-publish","hentry"],"_links":{"self":[{"href":"https:\/\/acumulatra.si\/en\/wp-json\/wp\/v2\/pages\/358","targetHints":{"allow":["GET"]}}],"collection":[{"href":"https:\/\/acumulatra.si\/en\/wp-json\/wp\/v2\/pages"}],"about":[{"href":"https:\/\/acumulatra.si\/en\/wp-json\/wp\/v2\/types\/page"}],"author":[{"embeddable":true,"href":"https:\/\/acumulatra.si\/en\/wp-json\/wp\/v2\/users\/1"}],"replies":[{"embeddable":true,"href":"https:\/\/acumulatra.si\/en\/wp-json\/wp\/v2\/comments?post=358"}],"version-history":[{"count":20,"href":"https:\/\/acumulatra.si\/en\/wp-json\/wp\/v2\/pages\/358\/revisions"}],"predecessor-version":[{"id":1578,"href":"https:\/\/acumulatra.si\/en\/wp-json\/wp\/v2\/pages\/358\/revisions\/1578"}],"wp:attachment":[{"href":"https:\/\/acumulatra.si\/en\/wp-json\/wp\/v2\/media?parent=358"}],"curies":[{"name":"wp","href":"https:\/\/api.w.org\/{rel}","templated":true}]}}