{"id":18,"date":"2025-06-12T14:50:01","date_gmt":"2025-06-12T14:50:01","guid":{"rendered":"https:\/\/maticprojekt1.com\/home\/"},"modified":"2025-07-15T11:46:24","modified_gmt":"2025-07-15T11:46:24","slug":"domov-2-2-2-2","status":"publish","type":"page","link":"https:\/\/acumulatra.si\/en\/","title":{"rendered":"Home"},"content":{"rendered":"<div data-elementor-type=\"wp-page\" data-elementor-id=\"18\" class=\"elementor elementor-18\">\n\t\t\t\t<div class=\"elementor-element elementor-element-7abd913e e-flex e-con-boxed e-con e-parent\" data-id=\"7abd913e\" data-element_type=\"container\" data-settings=\"{&quot;background_background&quot;:&quot;classic&quot;}\">\n\t\t\t\t\t<div class=\"e-con-inner\">\n\t\t\t\t<div class=\"elementor-element elementor-element-73ebb68 elementor-widget__width-initial elementor-widget-mobile__width-initial elementor-invisible elementor-widget elementor-widget-image\" data-id=\"73ebb68\" data-element_type=\"widget\" data-settings=\"{&quot;_animation&quot;:&quot;fadeInUp&quot;}\" data-widget_type=\"image.default\">\n\t\t\t\t<div class=\"elementor-widget-container\">\n\t\t\t\t\t\t\t\t\t\t\t\t\t\t\t<img fetchpriority=\"high\" decoding=\"async\" width=\"841\" height=\"786\" src=\"https:\/\/acumulatra.si\/wp-content\/uploads\/2025\/07\/acumulatra_logo_no_outline_vector-1.png\" class=\"attachment-large size-large wp-image-1533\" alt=\"\" srcset=\"https:\/\/acumulatra.si\/wp-content\/uploads\/2025\/07\/acumulatra_logo_no_outline_vector-1.png 841w, https:\/\/acumulatra.si\/wp-content\/uploads\/2025\/07\/acumulatra_logo_no_outline_vector-1-300x280.png 300w, https:\/\/acumulatra.si\/wp-content\/uploads\/2025\/07\/acumulatra_logo_no_outline_vector-1-768x718.png 768w, https:\/\/acumulatra.si\/wp-content\/uploads\/2025\/07\/acumulatra_logo_no_outline_vector-1-13x12.png 13w\" sizes=\"(max-width: 841px) 100vw, 841px\" \/>\t\t\t\t\t\t\t\t\t\t\t\t\t\t\t<\/div>\n\t\t\t\t<\/div>\n\t\t\t\t<div class=\"elementor-element elementor-element-4862acdd elementor-invisible elementor-widget elementor-widget-heading\" data-id=\"4862acdd\" data-element_type=\"widget\" data-settings=\"{&quot;_animation&quot;:&quot;fadeInUp&quot;}\" data-widget_type=\"heading.default\">\n\t\t\t\t<div class=\"elementor-widget-container\">\n\t\t\t\t\t<h1 class=\"elementor-heading-title elementor-size-default\"><b>ACUMULATRA<\/b><\/h1>\t\t\t\t<\/div>\n\t\t\t\t<\/div>\n\t\t\t\t<div class=\"elementor-element elementor-element-9e71b5b elementor-invisible elementor-widget elementor-widget-heading\" data-id=\"9e71b5b\" data-element_type=\"widget\" data-settings=\"{&quot;_animation&quot;:&quot;fadeInUp&quot;}\" data-widget_type=\"heading.default\">\n\t\t\t\t<div class=\"elementor-widget-container\">\n\t\t\t\t\t<h4 class=\"elementor-heading-title elementor-size-default\">2DAY 4TOMORROW<\/h4>\t\t\t\t<\/div>\n\t\t\t\t<\/div>\n\t\t\t\t<div class=\"elementor-element elementor-element-33733b5 elementor-invisible elementor-widget elementor-widget-heading\" data-id=\"33733b5\" data-element_type=\"widget\" data-settings=\"{&quot;_animation&quot;:&quot;fadeInUp&quot;}\" data-widget_type=\"heading.default\">\n\t\t\t\t<div class=\"elementor-widget-container\">\n\t\t\t\t\t<h6 class=\"elementor-heading-title elementor-size-default\">COMPREHENSIVE SYSTEM SOLUTIONS FOR BUSINESS USERS<\/h6>\t\t\t\t<\/div>\n\t\t\t\t<\/div>\n\t\t\t\t<div class=\"elementor-element elementor-element-b8831b0 elementor-align-center elementor-widget elementor-widget-button\" data-id=\"b8831b0\" data-element_type=\"widget\" data-widget_type=\"button.default\">\n\t\t\t\t<div class=\"elementor-widget-container\">\n\t\t\t\t\t\t\t\t\t<div class=\"elementor-button-wrapper\">\n\t\t\t\t\t<a class=\"elementor-button elementor-button-link elementor-size-sm\" href=\"https:\/\/acumulatra.si\/en\/kaj-nudimo\/\">\n\t\t\t\t\t\t<span class=\"elementor-button-content-wrapper\">\n\t\t\t\t\t\t\t\t\t<span class=\"elementor-button-text\">OUR SOLUTIONS<\/span>\n\t\t\t\t\t<\/span>\n\t\t\t\t\t<\/a>\n\t\t\t\t<\/div>\n\t\t\t\t\t\t\t\t<\/div>\n\t\t\t\t<\/div>\n\t\t\t\t\t<\/div>\n\t\t\t\t<\/div>\n\t\t<div class=\"elementor-element elementor-element-3eedaf2 e-flex e-con-boxed e-con e-parent\" data-id=\"3eedaf2\" data-element_type=\"container\">\n\t\t\t\t\t<div class=\"e-con-inner\">\n\t\t\t\t<div class=\"elementor-element elementor-element-dd65073 elementor-widget elementor-widget-heading\" data-id=\"dd65073\" data-element_type=\"widget\" data-widget_type=\"heading.default\">\n\t\t\t\t<div class=\"elementor-widget-container\">\n\t\t\t\t\t<h2 class=\"elementor-heading-title elementor-size-default\"><b>OUR SERVICE<\/b><\/h2>\t\t\t\t<\/div>\n\t\t\t\t<\/div>\n\t\t\t\t\t<\/div>\n\t\t\t\t<\/div>\n\t\t<div class=\"elementor-element elementor-element-20d43d6 e-grid e-con-boxed e-con e-parent\" data-id=\"20d43d6\" data-element_type=\"container\">\n\t\t\t\t\t<div class=\"e-con-inner\">\n\t\t<div class=\"elementor-element elementor-element-0a5df81 e-grid e-con-full e-con e-child\" data-id=\"0a5df81\" data-element_type=\"container\" data-settings=\"{&quot;background_background&quot;:&quot;slideshow&quot;,&quot;background_slideshow_gallery&quot;:[{&quot;id&quot;:55,&quot;url&quot;:&quot;https:\\\/\\\/maticprojekt1.com\\\/wp-content\\\/uploads\\\/2025\\\/06\\\/IMG_2819-scaled.jpeg&quot;}],&quot;background_slideshow_slide_duration&quot;:5000,&quot;background_slideshow_slide_transition&quot;:&quot;fade&quot;,&quot;background_slideshow_transition_duration&quot;:500}\">\n\t\t\t\t<div class=\"elementor-element elementor-element-5d6c9c6 elementor-widget elementor-widget-heading\" data-id=\"5d6c9c6\" data-element_type=\"widget\" data-widget_type=\"heading.default\">\n\t\t\t\t<div class=\"elementor-widget-container\">\n\t\t\t\t\t<h5 class=\"elementor-heading-title elementor-size-default\">BATTERY SYSTEMS WITH EMS<\/h5>\t\t\t\t<\/div>\n\t\t\t\t<\/div>\n\t\t\t\t<div class=\"elementor-element elementor-element-775c97d elementor-widget elementor-widget-heading\" data-id=\"775c97d\" data-element_type=\"widget\" data-widget_type=\"heading.default\">\n\t\t\t\t<div class=\"elementor-widget-container\">\n\t\t\t\t\t<h6 class=\"elementor-heading-title elementor-size-default\"><a href=\"https:\/\/acumulatra.si\/en\/domov-2-2-2\/\">READ MORE<\/a><\/h6>\t\t\t\t<\/div>\n\t\t\t\t<\/div>\n\t\t\t\t<\/div>\n\t\t<div class=\"elementor-element elementor-element-7678211 e-grid e-con-full e-con e-child\" data-id=\"7678211\" data-element_type=\"container\" data-settings=\"{&quot;background_background&quot;:&quot;slideshow&quot;,&quot;background_slideshow_gallery&quot;:[{&quot;id&quot;:54,&quot;url&quot;:&quot;https:\\\/\\\/maticprojekt1.com\\\/wp-content\\\/uploads\\\/2025\\\/06\\\/IMG_3060-scaled.jpeg&quot;}],&quot;animation&quot;:&quot;none&quot;,&quot;background_slideshow_slide_duration&quot;:5000,&quot;background_slideshow_slide_transition&quot;:&quot;fade&quot;,&quot;background_slideshow_transition_duration&quot;:500}\">\n\t\t\t\t<div class=\"elementor-element elementor-element-934dd8c elementor-widget elementor-widget-heading\" data-id=\"934dd8c\" data-element_type=\"widget\" data-widget_type=\"heading.default\">\n\t\t\t\t<div class=\"elementor-widget-container\">\n\t\t\t\t\t<h4 class=\"elementor-heading-title elementor-size-default\">FINANCING<\/h4>\t\t\t\t<\/div>\n\t\t\t\t<\/div>\n\t\t\t\t<div class=\"elementor-element elementor-element-fb62c03 elementor-widget elementor-widget-heading\" data-id=\"fb62c03\" data-element_type=\"widget\" data-widget_type=\"heading.default\">\n\t\t\t\t<div class=\"elementor-widget-container\">\n\t\t\t\t\t<h6 class=\"elementor-heading-title elementor-size-default\"><a href=\"https:\/\/acumulatra.si\/en\/energetske-resitve-za-podjetja\/\">READ MORE<\/a><\/h6>\t\t\t\t<\/div>\n\t\t\t\t<\/div>\n\t\t\t\t<\/div>\n\t\t<div class=\"elementor-element elementor-element-958e8e6 e-grid e-con-full e-con e-child\" data-id=\"958e8e6\" data-element_type=\"container\" data-settings=\"{&quot;background_background&quot;:&quot;slideshow&quot;,&quot;background_slideshow_gallery&quot;:[{&quot;id&quot;:704,&quot;url&quot;:&quot;https:\\\/\\\/maticprojekt1.com\\\/wp-content\\\/uploads\\\/2025\\\/06\\\/american-public-power-association-XGAZzyLzn18-unsplash-scaled.jpg&quot;}],&quot;background_slideshow_slide_duration&quot;:5000,&quot;background_slideshow_slide_transition&quot;:&quot;fade&quot;,&quot;background_slideshow_transition_duration&quot;:500}\">\n\t\t\t\t<div class=\"elementor-element elementor-element-09ee7f1 elementor-widget elementor-widget-heading\" data-id=\"09ee7f1\" data-element_type=\"widget\" data-widget_type=\"heading.default\">\n\t\t\t\t<div class=\"elementor-widget-container\">\n\t\t\t\t\t<h4 class=\"elementor-heading-title elementor-size-default\">MANAGEMENT<\/h4>\t\t\t\t<\/div>\n\t\t\t\t<\/div>\n\t\t\t\t<div class=\"elementor-element elementor-element-d7261e9 elementor-widget elementor-widget-heading\" data-id=\"d7261e9\" data-element_type=\"widget\" data-widget_type=\"heading.default\">\n\t\t\t\t<div class=\"elementor-widget-container\">\n\t\t\t\t\t<h6 class=\"elementor-heading-title elementor-size-default\"><a href=\"https:\/\/acumulatra.si\/en\/domov-2-2-2\/\">READ MORE<\/a><\/h6>\t\t\t\t<\/div>\n\t\t\t\t<\/div>\n\t\t\t\t<\/div>\n\t\t\t\t\t<\/div>\n\t\t\t\t<\/div>\n\t\t<div class=\"elementor-element elementor-element-117cde6 e-flex e-con-boxed e-con e-parent\" data-id=\"117cde6\" data-element_type=\"container\" data-settings=\"{&quot;background_background&quot;:&quot;classic&quot;}\">\n\t\t\t\t\t<div class=\"e-con-inner\">\n\t\t<div class=\"elementor-element elementor-element-357f4f9 e-con-full e-flex e-con e-child\" data-id=\"357f4f9\" data-element_type=\"container\">\n\t\t\t\t<div class=\"elementor-element elementor-element-6270e48 elementor-widget elementor-widget-heading\" data-id=\"6270e48\" data-element_type=\"widget\" data-widget_type=\"heading.default\">\n\t\t\t\t<div class=\"elementor-widget-container\">\n\t\t\t\t\t<h2 class=\"elementor-heading-title elementor-size-default\"><b>WHO ARE WE?<\/b><\/h2>\t\t\t\t<\/div>\n\t\t\t\t<\/div>\n\t\t\t\t<div class=\"elementor-element elementor-element-6d97647 elementor-widget elementor-widget-text-editor\" data-id=\"6d97647\" data-element_type=\"widget\" data-widget_type=\"text-editor.default\">\n\t\t\t\t<div class=\"elementor-widget-container\">\n\t\t\t\t\t\t\t\t\t<p>We believe that together we are stronger \u2013 this is the foundation and the heart of the acumulatra platform. our goal is to connect experts, innovators, investors, and all those who wish to contribute to a sustainable future of the energy industry.<\/p>\t\t\t\t\t\t\t\t<\/div>\n\t\t\t\t<\/div>\n\t\t\t\t<div class=\"elementor-element elementor-element-2916ec4 elementor-mobile-align-center elementor-widget elementor-widget-button\" data-id=\"2916ec4\" data-element_type=\"widget\" data-widget_type=\"button.default\">\n\t\t\t\t<div class=\"elementor-widget-container\">\n\t\t\t\t\t\t\t\t\t<div class=\"elementor-button-wrapper\">\n\t\t\t\t\t<a class=\"elementor-button elementor-button-link elementor-size-sm\" href=\"https:\/\/acumulatra.si\/en\/o-nas\/\">\n\t\t\t\t\t\t<span class=\"elementor-button-content-wrapper\">\n\t\t\t\t\t\t\t\t\t<span class=\"elementor-button-text\">READ MORE<\/span>\n\t\t\t\t\t<\/span>\n\t\t\t\t\t<\/a>\n\t\t\t\t<\/div>\n\t\t\t\t\t\t\t\t<\/div>\n\t\t\t\t<\/div>\n\t\t\t\t<\/div>\n\t\t<div class=\"elementor-element elementor-element-2055e4c e-con-full e-flex e-con e-child\" data-id=\"2055e4c\" data-element_type=\"container\">\n\t\t\t\t<div class=\"elementor-element elementor-element-1badde2 elementor-widget elementor-widget-image\" data-id=\"1badde2\" data-element_type=\"widget\" data-widget_type=\"image.default\">\n\t\t\t\t<div class=\"elementor-widget-container\">\n\t\t\t\t\t\t\t\t\t\t\t\t\t\t\t<img decoding=\"async\" width=\"2560\" height=\"1920\" src=\"https:\/\/acumulatra.si\/wp-content\/uploads\/2025\/06\/mariana-proenca-GXiHwHkIdVs-unsplash-scaled.jpg\" class=\"attachment-full size-full wp-image-208\" alt=\"\" srcset=\"https:\/\/acumulatra.si\/wp-content\/uploads\/2025\/06\/mariana-proenca-GXiHwHkIdVs-unsplash-scaled.jpg 2560w, https:\/\/acumulatra.si\/wp-content\/uploads\/2025\/06\/mariana-proenca-GXiHwHkIdVs-unsplash-300x225.jpg 300w, https:\/\/acumulatra.si\/wp-content\/uploads\/2025\/06\/mariana-proenca-GXiHwHkIdVs-unsplash-1024x768.jpg 1024w, https:\/\/acumulatra.si\/wp-content\/uploads\/2025\/06\/mariana-proenca-GXiHwHkIdVs-unsplash-768x576.jpg 768w, https:\/\/acumulatra.si\/wp-content\/uploads\/2025\/06\/mariana-proenca-GXiHwHkIdVs-unsplash-1536x1152.jpg 1536w, https:\/\/acumulatra.si\/wp-content\/uploads\/2025\/06\/mariana-proenca-GXiHwHkIdVs-unsplash-2048x1536.jpg 2048w\" sizes=\"(max-width: 2560px) 100vw, 2560px\" \/>\t\t\t\t\t\t\t\t\t\t\t\t\t\t\t<\/div>\n\t\t\t\t<\/div>\n\t\t\t\t<\/div>\n\t\t\t\t\t<\/div>\n\t\t\t\t<\/div>\n\t\t<div class=\"elementor-element elementor-element-1e2291d e-flex e-con-boxed e-con e-parent\" data-id=\"1e2291d\" data-element_type=\"container\" data-settings=\"{&quot;background_background&quot;:&quot;classic&quot;}\">\n\t\t\t\t\t<div class=\"e-con-inner\">\n\t\t<div class=\"elementor-element elementor-element-9773511 e-con-full e-flex e-con e-child\" data-id=\"9773511\" data-element_type=\"container\">\n\t\t\t\t<div class=\"elementor-element elementor-element-72e869f elementor-widget elementor-widget-image\" data-id=\"72e869f\" data-element_type=\"widget\" data-widget_type=\"image.default\">\n\t\t\t\t<div class=\"elementor-widget-container\">\n\t\t\t\t\t\t\t\t\t\t\t\t\t\t\t<img decoding=\"async\" width=\"2560\" height=\"1710\" src=\"https:\/\/acumulatra.si\/wp-content\/uploads\/2025\/06\/pexels-cristian-rojas-8853502-scaled.jpg\" class=\"attachment-full size-full wp-image-218\" alt=\"Baterijski sistemi\" srcset=\"https:\/\/acumulatra.si\/wp-content\/uploads\/2025\/06\/pexels-cristian-rojas-8853502-scaled.jpg 2560w, https:\/\/acumulatra.si\/wp-content\/uploads\/2025\/06\/pexels-cristian-rojas-8853502-300x200.jpg 300w, https:\/\/acumulatra.si\/wp-content\/uploads\/2025\/06\/pexels-cristian-rojas-8853502-1024x684.jpg 1024w, https:\/\/acumulatra.si\/wp-content\/uploads\/2025\/06\/pexels-cristian-rojas-8853502-768x513.jpg 768w, https:\/\/acumulatra.si\/wp-content\/uploads\/2025\/06\/pexels-cristian-rojas-8853502-1536x1026.jpg 1536w, https:\/\/acumulatra.si\/wp-content\/uploads\/2025\/06\/pexels-cristian-rojas-8853502-2048x1368.jpg 2048w\" sizes=\"(max-width: 2560px) 100vw, 2560px\" \/>\t\t\t\t\t\t\t\t\t\t\t\t\t\t\t<\/div>\n\t\t\t\t<\/div>\n\t\t\t\t<\/div>\n\t\t<div class=\"elementor-element elementor-element-0bb883d e-con-full e-flex e-con e-child\" data-id=\"0bb883d\" data-element_type=\"container\">\n\t\t\t\t<div class=\"elementor-element elementor-element-180182c elementor-widget elementor-widget-heading\" data-id=\"180182c\" data-element_type=\"widget\" data-widget_type=\"heading.default\">\n\t\t\t\t<div class=\"elementor-widget-container\">\n\t\t\t\t\t<h2 class=\"elementor-heading-title elementor-size-default\"><b>WHAT DO WE OFFER?<\/b><\/h2>\t\t\t\t<\/div>\n\t\t\t\t<\/div>\n\t\t\t\t<div class=\"elementor-element elementor-element-0262d42 elementor-widget elementor-widget-text-editor\" data-id=\"0262d42\" data-element_type=\"widget\" data-widget_type=\"text-editor.default\">\n\t\t\t\t<div class=\"elementor-widget-container\">\n\t\t\t\t\t\t\t\t\t<p class=\"has-text-color\" style=\"text-align: left;\">We offer comprehensive system solutions for businesses. our team of experts assists you with:<\/p>\n<ul class=\"wp-block-list\">\n<li>Obtaining consents and subsidies<\/li>\n<li>Planning and designing energy solutions<\/li>\n<li>Installation of solar power plants, batteries, and hybrid systems<\/li>\n<li>Consulting on the best solutions for your energy needs<\/li>\n<\/ul>\t\t\t\t\t\t\t\t<\/div>\n\t\t\t\t<\/div>\n\t\t\t\t<div class=\"elementor-element elementor-element-337e1c6 elementor-mobile-align-center elementor-widget elementor-widget-button\" data-id=\"337e1c6\" data-element_type=\"widget\" data-widget_type=\"button.default\">\n\t\t\t\t<div class=\"elementor-widget-container\">\n\t\t\t\t\t\t\t\t\t<div class=\"elementor-button-wrapper\">\n\t\t\t\t\t<a class=\"elementor-button elementor-button-link elementor-size-sm\" href=\"https:\/\/acumulatra.si\/en\/kaj-nudimo\/\">\n\t\t\t\t\t\t<span class=\"elementor-button-content-wrapper\">\n\t\t\t\t\t\t\t\t\t<span class=\"elementor-button-text\">MORE ABOUT THIS<\/span>\n\t\t\t\t\t<\/span>\n\t\t\t\t\t<\/a>\n\t\t\t\t<\/div>\n\t\t\t\t\t\t\t\t<\/div>\n\t\t\t\t<\/div>\n\t\t\t\t<\/div>\n\t\t\t\t\t<\/div>\n\t\t\t\t<\/div>\n\t\t<div class=\"elementor-element elementor-element-6c6827e e-flex e-con-boxed e-con e-parent\" data-id=\"6c6827e\" data-element_type=\"container\" data-settings=\"{&quot;background_background&quot;:&quot;classic&quot;}\">\n\t\t\t\t\t<div class=\"e-con-inner\">\n\t\t<div class=\"elementor-element elementor-element-af9bcfb e-con-full e-flex e-con e-child\" data-id=\"af9bcfb\" data-element_type=\"container\">\n\t\t\t\t<div class=\"elementor-element elementor-element-c3e4d40 elementor-widget elementor-widget-heading\" data-id=\"c3e4d40\" data-element_type=\"widget\" data-widget_type=\"heading.default\">\n\t\t\t\t<div class=\"elementor-widget-container\">\n\t\t\t\t\t<h3 class=\"elementor-heading-title elementor-size-default\"><b>FROM MARKET TO SUN<\/b><\/h3>\t\t\t\t<\/div>\n\t\t\t\t<\/div>\n\t\t\t\t<div class=\"elementor-element elementor-element-fc10652 elementor-widget elementor-widget-text-editor\" data-id=\"fc10652\" data-element_type=\"widget\" data-widget_type=\"text-editor.default\">\n\t\t\t\t<div class=\"elementor-widget-container\">\n\t\t\t\t\t\t\t\t\t<p>The \"From Sun to Market\" project is a pioneering energy solution designed for the comprehensive energy supply of companies, industrial facilities, and even entire communities.<\/p><p>ACUMULATRA, as the leading platform for connecting Slovenian manufacturers and service providers in the field of energy storage integration, presents with this project an innovative vision for sustainable management and optimization of energy production and use. The project brings together leading Slovenian manufacturers and technology partners who ensure the highest standards in energy integration.<\/p>\t\t\t\t\t\t\t\t<\/div>\n\t\t\t\t<\/div>\n\t\t\t\t<div class=\"elementor-element elementor-element-20b10e3 elementor-mobile-align-center elementor-widget elementor-widget-button\" data-id=\"20b10e3\" data-element_type=\"widget\" data-widget_type=\"button.default\">\n\t\t\t\t<div class=\"elementor-widget-container\">\n\t\t\t\t\t\t\t\t\t<div class=\"elementor-button-wrapper\">\n\t\t\t\t\t<a class=\"elementor-button elementor-button-link elementor-size-sm\" href=\"https:\/\/acumulatra.si\/en\/projekt\/\">\n\t\t\t\t\t\t<span class=\"elementor-button-content-wrapper\">\n\t\t\t\t\t\t\t\t\t<span class=\"elementor-button-text\">MORE ABOUT THE PROJECT<\/span>\n\t\t\t\t\t<\/span>\n\t\t\t\t\t<\/a>\n\t\t\t\t<\/div>\n\t\t\t\t\t\t\t\t<\/div>\n\t\t\t\t<\/div>\n\t\t\t\t<\/div>\n\t\t<div class=\"elementor-element elementor-element-63fcdd7 e-con-full e-flex e-con e-child\" data-id=\"63fcdd7\" data-element_type=\"container\">\n\t\t\t\t<div class=\"elementor-element elementor-element-5cde6e3 elementor-widget elementor-widget-image\" data-id=\"5cde6e3\" data-element_type=\"widget\" data-widget_type=\"image.default\">\n\t\t\t\t<div class=\"elementor-widget-container\">\n\t\t\t\t\t\t\t\t\t\t\t\t\t\t\t<img loading=\"lazy\" decoding=\"async\" width=\"2560\" height=\"2140\" src=\"https:\/\/acumulatra.si\/wp-content\/uploads\/2025\/06\/pexels-tomfisk-9893727-scaled.jpg\" class=\"attachment-full size-full wp-image-263\" alt=\"\" srcset=\"https:\/\/acumulatra.si\/wp-content\/uploads\/2025\/06\/pexels-tomfisk-9893727-scaled.jpg 2560w, https:\/\/acumulatra.si\/wp-content\/uploads\/2025\/06\/pexels-tomfisk-9893727-300x251.jpg 300w, https:\/\/acumulatra.si\/wp-content\/uploads\/2025\/06\/pexels-tomfisk-9893727-1024x856.jpg 1024w, https:\/\/acumulatra.si\/wp-content\/uploads\/2025\/06\/pexels-tomfisk-9893727-768x642.jpg 768w, https:\/\/acumulatra.si\/wp-content\/uploads\/2025\/06\/pexels-tomfisk-9893727-1536x1284.jpg 1536w, https:\/\/acumulatra.si\/wp-content\/uploads\/2025\/06\/pexels-tomfisk-9893727-2048x1712.jpg 2048w\" sizes=\"(max-width: 2560px) 100vw, 2560px\" \/>\t\t\t\t\t\t\t\t\t\t\t\t\t\t\t<\/div>\n\t\t\t\t<\/div>\n\t\t\t\t<\/div>\n\t\t\t\t\t<\/div>\n\t\t\t\t<\/div>\n\t\t\t\t<\/div>","protected":false},"excerpt":{"rendered":"<p>ACUMULATRA 2DAY 4TOMORROW CELOVITE SISTEMSKE RE\u0160ITVE ZA POSLOVNE UPORABNIKE NA\u0160E RE\u0160ITVE KAJ PONUJAMO BATERIJSKI SISTEMI Z EMS PREBERI VE\u010c FINANCIRANJE [&hellip;]<\/p>","protected":false},"author":1,"featured_media":0,"parent":0,"menu_order":0,"comment_status":"closed","ping_status":"closed","template":"","meta":{"site-sidebar-layout":"no-sidebar","site-content-layout":"","ast-site-content-layout":"full-width-container","site-content-style":"default","site-sidebar-style":"default","ast-global-header-display":"","ast-banner-title-visibility":"","ast-main-header-display":"","ast-hfb-above-header-display":"","ast-hfb-below-header-display":"","ast-hfb-mobile-header-display":"","site-post-title":"disabled","ast-breadcrumbs-content":"","ast-featured-img":"disabled","footer-sml-layout":"","theme-transparent-header-meta":"","adv-header-id-meta":"","stick-header-meta":"","header-above-stick-meta":"","header-main-stick-meta":"","header-below-stick-meta":"","astra-migrate-meta-layouts":"default","ast-page-background-enabled":"default","ast-page-background-meta":{"desktop":{"background-color":"var(--ast-global-color-4)","background-image":"","background-repeat":"repeat","background-position":"center center","background-size":"auto","background-attachment":"scroll","background-type":"","background-media":"","overlay-type":"","overlay-color":"","overlay-opacity":"","overlay-gradient":""},"tablet":{"background-color":"","background-image":"","background-repeat":"repeat","background-position":"center center","background-size":"auto","background-attachment":"scroll","background-type":"","background-media":"","overlay-type":"","overlay-color":"","overlay-opacity":"","overlay-gradient":""},"mobile":{"background-color":"","background-image":"","background-repeat":"repeat","background-position":"center center","background-size":"auto","background-attachment":"scroll","background-type":"","background-media":"","overlay-type":"","overlay-color":"","overlay-opacity":"","overlay-gradient":""}},"ast-content-background-meta":{"desktop":{"background-color":"var(--ast-global-color-5)","background-image":"","background-repeat":"repeat","background-position":"center center","background-size":"auto","background-attachment":"scroll","background-type":"","background-media":"","overlay-type":"","overlay-color":"","overlay-opacity":"","overlay-gradient":""},"tablet":{"background-color":"var(--ast-global-color-5)","background-image":"","background-repeat":"repeat","background-position":"center center","background-size":"auto","background-attachment":"scroll","background-type":"","background-media":"","overlay-type":"","overlay-color":"","overlay-opacity":"","overlay-gradient":""},"mobile":{"background-color":"var(--ast-global-color-5)","background-image":"","background-repeat":"repeat","background-position":"center center","background-size":"auto","background-attachment":"scroll","background-type":"","background-media":"","overlay-type":"","overlay-color":"","overlay-opacity":"","overlay-gradient":""}},"footnotes":""},"class_list":["post-18","page","type-page","status-publish","hentry"],"_links":{"self":[{"href":"https:\/\/acumulatra.si\/en\/wp-json\/wp\/v2\/pages\/18","targetHints":{"allow":["GET"]}}],"collection":[{"href":"https:\/\/acumulatra.si\/en\/wp-json\/wp\/v2\/pages"}],"about":[{"href":"https:\/\/acumulatra.si\/en\/wp-json\/wp\/v2\/types\/page"}],"author":[{"embeddable":true,"href":"https:\/\/acumulatra.si\/en\/wp-json\/wp\/v2\/users\/1"}],"replies":[{"embeddable":true,"href":"https:\/\/acumulatra.si\/en\/wp-json\/wp\/v2\/comments?post=18"}],"version-history":[{"count":20,"href":"https:\/\/acumulatra.si\/en\/wp-json\/wp\/v2\/pages\/18\/revisions"}],"predecessor-version":[{"id":1711,"href":"https:\/\/acumulatra.si\/en\/wp-json\/wp\/v2\/pages\/18\/revisions\/1711"}],"wp:attachment":[{"href":"https:\/\/acumulatra.si\/en\/wp-json\/wp\/v2\/media?parent=18"}],"curies":[{"name":"wp","href":"https:\/\/api.w.org\/{rel}","templated":true}]}}