{"id":116,"date":"2025-06-13T06:02:03","date_gmt":"2025-06-13T06:02:03","guid":{"rendered":"https:\/\/maticprojekt1.com\/?page_id=116"},"modified":"2025-07-14T10:55:07","modified_gmt":"2025-07-14T10:55:07","slug":"domov-2-2-2","status":"publish","type":"page","link":"https:\/\/acumulatra.si\/en\/domov-2-2-2\/","title":{"rendered":"Baterijski sistemi z EMS"},"content":{"rendered":"<div data-elementor-type=\"wp-page\" data-elementor-id=\"116\" class=\"elementor elementor-116\">\n\t\t\t\t<div class=\"elementor-element elementor-element-b885354 e-flex e-con-boxed e-con e-parent\" data-id=\"b885354\" data-element_type=\"container\" data-settings=\"{&quot;background_background&quot;:&quot;classic&quot;}\">\n\t\t\t\t\t<div class=\"e-con-inner\">\n\t\t\t\t<div class=\"elementor-element elementor-element-9b6acfe elementor-invisible elementor-widget elementor-widget-heading\" data-id=\"9b6acfe\" data-element_type=\"widget\" data-settings=\"{&quot;_animation&quot;:&quot;fadeInUp&quot;}\" data-widget_type=\"heading.default\">\n\t\t\t\t<div class=\"elementor-widget-container\">\n\t\t\t\t\t<h1 class=\"elementor-heading-title elementor-size-default\">BATTERY SYSTEMS WITH EMS<\/h1>\t\t\t\t<\/div>\n\t\t\t\t<\/div>\n\t\t\t\t<div class=\"elementor-element elementor-element-901a4a5 elementor-invisible elementor-widget elementor-widget-heading\" data-id=\"901a4a5\" data-element_type=\"widget\" data-settings=\"{&quot;_animation&quot;:&quot;fadeInUp&quot;}\" data-widget_type=\"heading.default\">\n\t\t\t\t<div class=\"elementor-widget-container\">\n\t\t\t\t\t<h6 class=\"elementor-heading-title elementor-size-default\">EFFICIENT STORAGE OF SURPLUS ENERGY<\/h6>\t\t\t\t<\/div>\n\t\t\t\t<\/div>\n\t\t\t\t\t<\/div>\n\t\t\t\t<\/div>\n\t\t<div class=\"elementor-element elementor-element-5d40b8fd e-flex e-con-boxed e-con e-parent\" data-id=\"5d40b8fd\" data-element_type=\"container\" data-settings=\"{&quot;background_background&quot;:&quot;classic&quot;}\">\n\t\t\t\t\t<div class=\"e-con-inner\">\n\t\t<div class=\"elementor-element elementor-element-6d319a55 e-con-full e-flex e-con e-child\" data-id=\"6d319a55\" data-element_type=\"container\">\n\t\t\t\t<div class=\"elementor-element elementor-element-63b7d9fb elementor-widget elementor-widget-image\" data-id=\"63b7d9fb\" data-element_type=\"widget\" data-settings=\"{&quot;_animation&quot;:&quot;none&quot;}\" data-widget_type=\"image.default\">\n\t\t\t\t<div class=\"elementor-widget-container\">\n\t\t\t\t\t\t\t\t\t\t\t\t\t\t\t<img fetchpriority=\"high\" decoding=\"async\" width=\"2000\" height=\"1500\" src=\"https:\/\/acumulatra.si\/wp-content\/uploads\/2025\/06\/baterija-1.jpg\" class=\"attachment-full size-full wp-image-354\" alt=\"Re\u0161itve za son\u010dno energijo\" srcset=\"https:\/\/acumulatra.si\/wp-content\/uploads\/2025\/06\/baterija-1.jpg 2000w, https:\/\/acumulatra.si\/wp-content\/uploads\/2025\/06\/baterija-1-300x225.jpg 300w, https:\/\/acumulatra.si\/wp-content\/uploads\/2025\/06\/baterija-1-1024x768.jpg 1024w, https:\/\/acumulatra.si\/wp-content\/uploads\/2025\/06\/baterija-1-768x576.jpg 768w, https:\/\/acumulatra.si\/wp-content\/uploads\/2025\/06\/baterija-1-1536x1152.jpg 1536w\" sizes=\"(max-width: 2000px) 100vw, 2000px\" \/>\t\t\t\t\t\t\t\t\t\t\t\t\t\t\t<\/div>\n\t\t\t\t<\/div>\n\t\t\t\t<\/div>\n\t\t<div class=\"elementor-element elementor-element-2958b628 e-con-full e-flex e-con e-child\" data-id=\"2958b628\" data-element_type=\"container\">\n\t\t\t\t<div class=\"elementor-element elementor-element-44a219f9 elementor-widget elementor-widget-heading\" data-id=\"44a219f9\" data-element_type=\"widget\" data-settings=\"{&quot;_animation&quot;:&quot;none&quot;}\" data-widget_type=\"heading.default\">\n\t\t\t\t<div class=\"elementor-widget-container\">\n\t\t\t\t\t<h2 class=\"elementor-heading-title elementor-size-default\"><b>BATTERIES<\/b><\/h2>\t\t\t\t<\/div>\n\t\t\t\t<\/div>\n\t\t\t\t<div class=\"elementor-element elementor-element-b83c4f2 elementor-widget elementor-widget-text-editor\" data-id=\"b83c4f2\" data-element_type=\"widget\" data-widget_type=\"text-editor.default\">\n\t\t\t\t<div class=\"elementor-widget-container\">\n\t\t\t\t\t\t\t\t\t<p>Our energy storage solutions enable you to efficiently store surplus energy generated by your solar system. This means you can use clean, renewable energy even when the sun isn\u2019t shining\u2014day or night. With advanced battery technology, you increase savings, improve the reliability of your electricity supply, and reduce dependence on the grid. We offer a wide range of battery systems tailored to your business needs and budget. By having your own energy source, you gain greater autonomy, reduce losses, and contribute to a more sustainable and responsible energy future.<\/p>\t\t\t\t\t\t\t\t<\/div>\n\t\t\t\t<\/div>\n\t\t\t\t<\/div>\n\t\t\t\t\t<\/div>\n\t\t\t\t<\/div>\n\t\t<div class=\"elementor-element elementor-element-e26110d e-flex e-con-boxed e-con e-parent\" data-id=\"e26110d\" data-element_type=\"container\" data-settings=\"{&quot;background_background&quot;:&quot;classic&quot;}\">\n\t\t\t\t\t<div class=\"e-con-inner\">\n\t\t<div class=\"elementor-element elementor-element-ac64022 e-con-full e-flex e-con e-child\" data-id=\"ac64022\" data-element_type=\"container\">\n\t\t\t\t<div class=\"elementor-element elementor-element-942f9bb elementor-widget elementor-widget-heading\" data-id=\"942f9bb\" data-element_type=\"widget\" data-widget_type=\"heading.default\">\n\t\t\t\t<div class=\"elementor-widget-container\">\n\t\t\t\t\t<h3 class=\"elementor-heading-title elementor-size-default\"><b>ENERGY STORAGE SYSTEMS<\/b><\/h3>\t\t\t\t<\/div>\n\t\t\t\t<\/div>\n\t\t\t\t<div class=\"elementor-element elementor-element-925f7f5 elementor-widget elementor-widget-text-editor\" data-id=\"925f7f5\" data-element_type=\"widget\" data-widget_type=\"text-editor.default\">\n\t\t\t\t<div class=\"elementor-widget-container\">\n\t\t\t\t\t\t\t\t\t<p>We are certified and authorized representatives of the TAB brand for the installation and supply of their energy storage systems. TAB Li-ion batteries are known for their high quality and reliability, enabling long-term and stable operation \u2013 from capacities of 5 kWh to 5.5 MWh, tailored to the specific needs of our clients.<\/p><p>TAB energy storage systems are a unique choice on the market, offering technical guarantees, long service life, and responsible end-of-life support, along with local and accessible maintenance service.<\/p>\t\t\t\t\t\t\t\t<\/div>\n\t\t\t\t<\/div>\n\t\t\t\t<\/div>\n\t\t<div class=\"elementor-element elementor-element-4570f03 e-con-full e-flex e-con e-child\" data-id=\"4570f03\" data-element_type=\"container\">\n\t\t\t\t<div class=\"elementor-element elementor-element-9ffd8a2 elementor-widget elementor-widget-image\" data-id=\"9ffd8a2\" data-element_type=\"widget\" data-widget_type=\"image.default\">\n\t\t\t\t<div class=\"elementor-widget-container\">\n\t\t\t\t\t\t\t\t\t\t\t\t\t\t\t<img decoding=\"async\" width=\"600\" height=\"534\" src=\"https:\/\/acumulatra.si\/wp-content\/uploads\/2025\/06\/baterija1.png\" class=\"attachment-full size-full wp-image-498\" alt=\"EMS\" srcset=\"https:\/\/acumulatra.si\/wp-content\/uploads\/2025\/06\/baterija1.png 600w, https:\/\/acumulatra.si\/wp-content\/uploads\/2025\/06\/baterija1-300x267.png 300w\" sizes=\"(max-width: 600px) 100vw, 600px\" \/>\t\t\t\t\t\t\t\t\t\t\t\t\t\t\t<\/div>\n\t\t\t\t<\/div>\n\t\t\t\t<\/div>\n\t\t\t\t\t<\/div>\n\t\t\t\t<\/div>\n\t\t<div class=\"elementor-element elementor-element-cbadf32 e-flex e-con-boxed e-con e-parent\" data-id=\"cbadf32\" data-element_type=\"container\" data-settings=\"{&quot;background_background&quot;:&quot;classic&quot;}\">\n\t\t\t\t\t<div class=\"e-con-inner\">\n\t\t<div class=\"elementor-element elementor-element-f9a4fe1 e-con-full e-flex e-con e-child\" data-id=\"f9a4fe1\" data-element_type=\"container\">\n\t\t\t\t<div class=\"elementor-element elementor-element-fcd6dd9 elementor-widget elementor-widget-image\" data-id=\"fcd6dd9\" data-element_type=\"widget\" data-widget_type=\"image.default\">\n\t\t\t\t<div class=\"elementor-widget-container\">\n\t\t\t\t\t\t\t\t\t\t\t\t\t\t\t<img decoding=\"async\" width=\"600\" height=\"388\" src=\"https:\/\/acumulatra.si\/wp-content\/uploads\/2025\/06\/baterija2.png\" class=\"attachment-full size-full wp-image-562\" alt=\"\" srcset=\"https:\/\/acumulatra.si\/wp-content\/uploads\/2025\/06\/baterija2.png 600w, https:\/\/acumulatra.si\/wp-content\/uploads\/2025\/06\/baterija2-300x194.png 300w\" sizes=\"(max-width: 600px) 100vw, 600px\" \/>\t\t\t\t\t\t\t\t\t\t\t\t\t\t\t<\/div>\n\t\t\t\t<\/div>\n\t\t\t\t<\/div>\n\t\t<div class=\"elementor-element elementor-element-218f424 e-con-full e-flex e-con e-child\" data-id=\"218f424\" data-element_type=\"container\">\n\t\t\t\t<div class=\"elementor-element elementor-element-ca32cbb elementor-widget elementor-widget-text-editor\" data-id=\"ca32cbb\" data-element_type=\"widget\" data-widget_type=\"text-editor.default\">\n\t\t\t\t<div class=\"elementor-widget-container\">\n\t\t\t\t\t\t\t\t\t<p>With a capacity of up to 5.5 MWh, TAB storage systems offer exceptional flexibility to meet your company\u2019s energy needs. Individual units can be modularly combined to achieve the optimal configuration for you. The combination of self-generated energy with storage ensures a long-term stable energy source, independent of price fluctuations, providing cost stability and predictability.<\/p>\t\t\t\t\t\t\t\t<\/div>\n\t\t\t\t<\/div>\n\t\t\t\t<div class=\"elementor-element elementor-element-9a89b0b elementor-mobile-align-center elementor-widget elementor-widget-button\" data-id=\"9a89b0b\" data-element_type=\"widget\" data-widget_type=\"button.default\">\n\t\t\t\t<div class=\"elementor-widget-container\">\n\t\t\t\t\t\t\t\t\t<div class=\"elementor-button-wrapper\">\n\t\t\t\t\t<a class=\"elementor-button elementor-button-link elementor-size-sm\" href=\"https:\/\/acumulatra.si\/en\/kontakt\/\">\n\t\t\t\t\t\t<span class=\"elementor-button-content-wrapper\">\n\t\t\t\t\t\t\t\t\t<span class=\"elementor-button-text\">MORE INFORMATION<\/span>\n\t\t\t\t\t<\/span>\n\t\t\t\t\t<\/a>\n\t\t\t\t<\/div>\n\t\t\t\t\t\t\t\t<\/div>\n\t\t\t\t<\/div>\n\t\t\t\t<\/div>\n\t\t\t\t\t<\/div>\n\t\t\t\t<\/div>\n\t\t<div class=\"elementor-element elementor-element-64e87735 e-flex e-con-boxed e-con e-parent\" data-id=\"64e87735\" data-element_type=\"container\" data-settings=\"{&quot;background_background&quot;:&quot;classic&quot;}\">\n\t\t\t\t\t<div class=\"e-con-inner\">\n\t\t<div class=\"elementor-element elementor-element-12651634 e-con-full e-flex e-con e-child\" data-id=\"12651634\" data-element_type=\"container\">\n\t\t\t\t<div class=\"elementor-element elementor-element-2bfa4a14 elementor-widget elementor-widget-heading\" data-id=\"2bfa4a14\" data-element_type=\"widget\" data-widget_type=\"heading.default\">\n\t\t\t\t<div class=\"elementor-widget-container\">\n\t\t\t\t\t<h2 class=\"elementor-heading-title elementor-size-default\"><b>EMS<\/b><\/h2>\t\t\t\t<\/div>\n\t\t\t\t<\/div>\n\t\t\t\t<div class=\"elementor-element elementor-element-5fbf201a elementor-widget elementor-widget-text-editor\" data-id=\"5fbf201a\" data-element_type=\"widget\" data-widget_type=\"text-editor.default\">\n\t\t\t\t<div class=\"elementor-widget-container\">\n\t\t\t\t\t\t\t\t\t<p>EMS is an intelligent system that provides businesses with comprehensive control and optimization of electricity consumption. In combination with a battery storage system, it ensures efficient charging and discharging based on current production, consumption, and electricity prices. With EMS, you can reduce peak loads, increase energy independence, and lower grid and energy costs. It also enables integration with solar power plants, EV chargers, and other systems, giving your business greater flexibility, transparency, and long-term savings.<\/p>\t\t\t\t\t\t\t\t<\/div>\n\t\t\t\t<\/div>\n\t\t\t\t<\/div>\n\t\t<div class=\"elementor-element elementor-element-5945f06b e-con-full e-flex e-con e-child\" data-id=\"5945f06b\" data-element_type=\"container\">\n\t\t\t\t<div class=\"elementor-element elementor-element-5a1dc0a5 elementor-widget elementor-widget-image\" data-id=\"5a1dc0a5\" data-element_type=\"widget\" data-widget_type=\"image.default\">\n\t\t\t\t<div class=\"elementor-widget-container\">\n\t\t\t\t\t\t\t\t\t\t\t\t\t\t\t<img loading=\"lazy\" decoding=\"async\" width=\"703\" height=\"453\" src=\"https:\/\/acumulatra.si\/wp-content\/uploads\/2025\/06\/Posnetek-zaslona-2025-06-14-133113.png\" class=\"attachment-full size-full wp-image-437\" alt=\"Energetske re\u0161itve\" srcset=\"https:\/\/acumulatra.si\/wp-content\/uploads\/2025\/06\/Posnetek-zaslona-2025-06-14-133113.png 703w, https:\/\/acumulatra.si\/wp-content\/uploads\/2025\/06\/Posnetek-zaslona-2025-06-14-133113-300x193.png 300w\" sizes=\"(max-width: 703px) 100vw, 703px\" \/>\t\t\t\t\t\t\t\t\t\t\t\t\t\t\t<\/div>\n\t\t\t\t<\/div>\n\t\t\t\t<\/div>\n\t\t\t\t\t<\/div>\n\t\t\t\t<\/div>\n\t\t<div class=\"elementor-element elementor-element-ca30269 e-flex e-con-boxed e-con e-parent\" data-id=\"ca30269\" data-element_type=\"container\" data-settings=\"{&quot;background_background&quot;:&quot;classic&quot;}\">\n\t\t\t\t\t<div class=\"e-con-inner\">\n\t\t<div class=\"elementor-element elementor-element-b0266f2 e-con-full e-flex e-con e-child\" data-id=\"b0266f2\" data-element_type=\"container\">\n\t\t\t\t<div class=\"elementor-element elementor-element-16c652d elementor-widget elementor-widget-heading\" data-id=\"16c652d\" data-element_type=\"widget\" data-widget_type=\"heading.default\">\n\t\t\t\t<div class=\"elementor-widget-container\">\n\t\t\t\t\t<h4 class=\"elementor-heading-title elementor-size-default\"><b>SMART ENERGY STORAGE<\/b><\/h4>\t\t\t\t<\/div>\n\t\t\t\t<\/div>\n\t\t\t\t<div class=\"elementor-element elementor-element-11ccf36 elementor-widget elementor-widget-text-editor\" data-id=\"11ccf36\" data-element_type=\"widget\" data-widget_type=\"text-editor.default\">\n\t\t\t\t<div class=\"elementor-widget-container\">\n\t\t\t\t\t\t\t\t\t<p>ACUMULATRA enables you to become an active participant in the energy system by allowing you to store self-produced energy and use it efficiently when needed. Our storage systems help reduce consumption during peak times and increase the available power at the metering point. By installing storage systems, you can become part of our partner energy-optimized portfolio, giving you access to innovative solutions in electricity trading and usage.<\/p>\t\t\t\t\t\t\t\t<\/div>\n\t\t\t\t<\/div>\n\t\t\t\t<div class=\"elementor-element elementor-element-979f4f2 elementor-mobile-align-center elementor-widget elementor-widget-button\" data-id=\"979f4f2\" data-element_type=\"widget\" data-widget_type=\"button.default\">\n\t\t\t\t<div class=\"elementor-widget-container\">\n\t\t\t\t\t\t\t\t\t<div class=\"elementor-button-wrapper\">\n\t\t\t\t\t<a class=\"elementor-button elementor-button-link elementor-size-sm\" href=\"https:\/\/acumulatra.si\/en\/kontakt\/\">\n\t\t\t\t\t\t<span class=\"elementor-button-content-wrapper\">\n\t\t\t\t\t\t\t\t\t<span class=\"elementor-button-text\">CONTACT US<\/span>\n\t\t\t\t\t<\/span>\n\t\t\t\t\t<\/a>\n\t\t\t\t<\/div>\n\t\t\t\t\t\t\t\t<\/div>\n\t\t\t\t<\/div>\n\t\t\t\t<\/div>\n\t\t<div class=\"elementor-element elementor-element-25d98a4 e-con-full e-flex e-con e-child\" data-id=\"25d98a4\" data-element_type=\"container\">\n\t\t\t\t<div class=\"elementor-element elementor-element-cec7adf elementor-widget elementor-widget-image\" data-id=\"cec7adf\" data-element_type=\"widget\" data-widget_type=\"image.default\">\n\t\t\t\t<div class=\"elementor-widget-container\">\n\t\t\t\t\t\t\t\t\t\t\t\t\t\t\t<img loading=\"lazy\" decoding=\"async\" width=\"2560\" height=\"1920\" src=\"https:\/\/acumulatra.si\/wp-content\/uploads\/2025\/06\/IMG_2819-scaled.jpeg\" class=\"attachment-full size-full wp-image-55\" alt=\"\" srcset=\"https:\/\/acumulatra.si\/wp-content\/uploads\/2025\/06\/IMG_2819-scaled.jpeg 2560w, https:\/\/acumulatra.si\/wp-content\/uploads\/2025\/06\/IMG_2819-300x225.jpeg 300w, https:\/\/acumulatra.si\/wp-content\/uploads\/2025\/06\/IMG_2819-1024x768.jpeg 1024w, https:\/\/acumulatra.si\/wp-content\/uploads\/2025\/06\/IMG_2819-768x576.jpeg 768w, https:\/\/acumulatra.si\/wp-content\/uploads\/2025\/06\/IMG_2819-1536x1152.jpeg 1536w, https:\/\/acumulatra.si\/wp-content\/uploads\/2025\/06\/IMG_2819-2048x1536.jpeg 2048w\" sizes=\"(max-width: 2560px) 100vw, 2560px\" \/>\t\t\t\t\t\t\t\t\t\t\t\t\t\t\t<\/div>\n\t\t\t\t<\/div>\n\t\t\t\t<\/div>\n\t\t\t\t\t<\/div>\n\t\t\t\t<\/div>\n\t\t\t\t<\/div>","protected":false},"excerpt":{"rendered":"<p>BATERIJSKI SISTEMI Z EMS U\u010cINKOVITO SHRANJEVANJE PRESE\u017dNE ENERGIJE BATERIJE Na\u0161e re\u0161itve za shranjevanje energije vam omogo\u010dajo, da u\u010dinkovito shranite prese\u017eke [&hellip;]<\/p>","protected":false},"author":1,"featured_media":0,"parent":0,"menu_order":0,"comment_status":"closed","ping_status":"closed","template":"","meta":{"site-sidebar-layout":"no-sidebar","site-content-layout":"","ast-site-content-layout":"full-width-container","site-content-style":"default","site-sidebar-style":"default","ast-global-header-display":"","ast-banner-title-visibility":"","ast-main-header-display":"","ast-hfb-above-header-display":"","ast-hfb-below-header-display":"","ast-hfb-mobile-header-display":"","site-post-title":"disabled","ast-breadcrumbs-content":"","ast-featured-img":"disabled","footer-sml-layout":"","theme-transparent-header-meta":"","adv-header-id-meta":"","stick-header-meta":"","header-above-stick-meta":"","header-main-stick-meta":"","header-below-stick-meta":"","astra-migrate-meta-layouts":"default","ast-page-background-enabled":"default","ast-page-background-meta":{"desktop":{"background-color":"var(--ast-global-color-4)","background-image":"","background-repeat":"repeat","background-position":"center center","background-size":"auto","background-attachment":"scroll","background-type":"","background-media":"","overlay-type":"","overlay-color":"","overlay-opacity":"","overlay-gradient":""},"tablet":{"background-color":"","background-image":"","background-repeat":"repeat","background-position":"center center","background-size":"auto","background-attachment":"scroll","background-type":"","background-media":"","overlay-type":"","overlay-color":"","overlay-opacity":"","overlay-gradient":""},"mobile":{"background-color":"","background-image":"","background-repeat":"repeat","background-position":"center center","background-size":"auto","background-attachment":"scroll","background-type":"","background-media":"","overlay-type":"","overlay-color":"","overlay-opacity":"","overlay-gradient":""}},"ast-content-background-meta":{"desktop":{"background-color":"var(--ast-global-color-5)","background-image":"","background-repeat":"repeat","background-position":"center center","background-size":"auto","background-attachment":"scroll","background-type":"","background-media":"","overlay-type":"","overlay-color":"","overlay-opacity":"","overlay-gradient":""},"tablet":{"background-color":"var(--ast-global-color-5)","background-image":"","background-repeat":"repeat","background-position":"center center","background-size":"auto","background-attachment":"scroll","background-type":"","background-media":"","overlay-type":"","overlay-color":"","overlay-opacity":"","overlay-gradient":""},"mobile":{"background-color":"var(--ast-global-color-5)","background-image":"","background-repeat":"repeat","background-position":"center center","background-size":"auto","background-attachment":"scroll","background-type":"","background-media":"","overlay-type":"","overlay-color":"","overlay-opacity":"","overlay-gradient":""}},"footnotes":""},"class_list":["post-116","page","type-page","status-publish","hentry"],"_links":{"self":[{"href":"https:\/\/acumulatra.si\/en\/wp-json\/wp\/v2\/pages\/116","targetHints":{"allow":["GET"]}}],"collection":[{"href":"https:\/\/acumulatra.si\/en\/wp-json\/wp\/v2\/pages"}],"about":[{"href":"https:\/\/acumulatra.si\/en\/wp-json\/wp\/v2\/types\/page"}],"author":[{"embeddable":true,"href":"https:\/\/acumulatra.si\/en\/wp-json\/wp\/v2\/users\/1"}],"replies":[{"embeddable":true,"href":"https:\/\/acumulatra.si\/en\/wp-json\/wp\/v2\/comments?post=116"}],"version-history":[{"count":20,"href":"https:\/\/acumulatra.si\/en\/wp-json\/wp\/v2\/pages\/116\/revisions"}],"predecessor-version":[{"id":1627,"href":"https:\/\/acumulatra.si\/en\/wp-json\/wp\/v2\/pages\/116\/revisions\/1627"}],"wp:attachment":[{"href":"https:\/\/acumulatra.si\/en\/wp-json\/wp\/v2\/media?parent=116"}],"curies":[{"name":"wp","href":"https:\/\/api.w.org\/{rel}","templated":true}]}}